{"id":1587,"date":"2024-01-27T13:53:05","date_gmt":"2024-01-27T13:53:05","guid":{"rendered":"https:\/\/clinovagroup.com\/?page_id=1587"},"modified":"2024-02-04T14:11:03","modified_gmt":"2024-02-04T14:11:03","slug":"privacy-policy-2","status":"publish","type":"page","link":"https:\/\/clinovagroup.com\/en\/privacy-policy-2\/","title":{"rendered":"Privacy policy"},"content":{"rendered":"<div data-elementor-type=\"wp-page\" data-elementor-id=\"1587\" class=\"elementor elementor-1587\">\n\t\t\t\t\t\t<section class=\"elementor-section elementor-top-section elementor-element elementor-element-f822f36 elementor-section-boxed elementor-section-height-default elementor-section-height-default\" data-id=\"f822f36\" data-element_type=\"section\" data-e-type=\"section\">\n\t\t\t\t\t\t<div class=\"elementor-container elementor-column-gap-default\">\n\t\t\t\t\t<div class=\"elementor-column elementor-col-100 elementor-top-column elementor-element elementor-element-7d310762\" data-id=\"7d310762\" data-element_type=\"column\" data-e-type=\"column\">\n\t\t\t<div class=\"elementor-widget-wrap elementor-element-populated\">\n\t\t\t\t\t\t<div class=\"elementor-element elementor-element-17d03677 elementor-widget elementor-widget-heading\" data-id=\"17d03677\" data-element_type=\"widget\" data-e-type=\"widget\" data-widget_type=\"heading.default\">\n\t\t\t\t<div class=\"elementor-widget-container\">\n\t\t\t\t\t<h2 class=\"elementor-heading-title elementor-size-default\">Privacy Policy<\/h2>\t\t\t\t<\/div>\n\t\t\t\t<\/div>\n\t\t\t\t<div class=\"elementor-element elementor-element-246b2739 elementor-widget__width-initial elementor-widget elementor-widget-text-editor\" data-id=\"246b2739\" data-element_type=\"widget\" data-e-type=\"widget\" data-widget_type=\"text-editor.default\">\n\t\t\t\t<div class=\"elementor-widget-container\">\n\t\t\t\t\t\t\t\t\t<p>In armonia con quanto previsto dal Regolamento Europeo sulla protezione dei dati personali 2016\/679, dal D.lgs. 30 giugno 2003, n. 196 e dal D.lgs. 10 agosto 2018, n. 101 (rispettivamente \u201c<strong>GDPR<\/strong>\u201d e \u201c<strong>Codice Privacy<\/strong>\u201d), il cui obiettivo \u00e8 quello di proteggere i diritti e le libert\u00e0 fondamentali delle persone fisiche, in particolare il diritto alla protezione dei dati personali, \u00e8 necessario che Lei prenda visione di una serie di informazioni che La possono aiutare a comprendere le motivazioni per le quali verranno trattati i Suoi dati personali, spiegandoLe quali sono i Suoi diritti e come essi potranno essere esercitati.<\/p><p>Il presente documento ha lo scopo di informarLa che i dati personali forniti ed acquisiti dallo Studio medico saranno oggetto di trattamento nel rispetto della normativa privacy vigente.<br \/><br \/><strong>1. Il Titolare del trattamento<br \/><\/strong><br \/>Il Titolare del trattamento \u00e8 la societ\u00e0 Care Property S.r.l., con sede in Viale Giotto, 3\/E 00153 Roma, C.F. 16938011000 (in seguito anche \u201cStudio Medico\u201d).<\/p><p><strong>2. Finalit\u00e0 e base giuridica del trattamento<br \/><\/strong><br \/>La informiamo che saranno raccolte le seguenti categorie di dati personali, per le finalit\u00e0 e secondo le basi giuridiche di seguito indicate:<\/p><table width=\"439\"><tbody><tr><td width=\"134\"><p><strong>Finalit\u00e0<\/strong><\/p><\/td><td width=\"156\"><p><strong>Base giuridica<\/strong><\/p><\/td><td width=\"149\"><p><strong>Categorie di dati personali<\/strong><\/p><\/td><\/tr><tr><td width=\"134\"><p>1.Gestione dell\u2019anagrafica e gestione delle prenotazioni degli appuntamenti tramite il <em>form <\/em>disponibile sul sito.<\/p><p>\u00a0<\/p><\/td><td width=\"156\"><p>Il trattamento posto in essere per questa finalit\u00e0 si basa sull\u2019esecuzione di misure precontrattuali e\/o contrattuali.<\/p><\/td><td width=\"149\"><p>Dati comuni: Nome, Cognome, numero cellulare, <em>E-mail<\/em>.<\/p><p>\u00a0<\/p><\/td><\/tr><tr><td width=\"134\"><p>2.Iscrizione al servizio di\u00a0<em>newsletter<\/em>\u00a0mediante la compilazione del\u00a0<em>form<\/em>\u00a0presente sul sito.<\/p><\/td><td width=\"156\"><p>Il trattamento posto in essere per questa finalit\u00e0 viene effettuato con lo specifico consenso da Lei fornito.<\/p><p>\u00a0<\/p><\/td><td width=\"149\"><p>Dati comuni: Nome, Cognome, <em>E-mail<\/em>.<\/p><p>\u00a0<\/p><\/td><\/tr><\/tbody><\/table><p><strong>\u00a0<br \/>3.\u00a0<\/strong><strong style=\"font-size: 16px; color: var( --e-global-color-text );\">Processo decisionale interamente automatizzato, compresa la profilazione<\/strong><\/p><p>I Suoi dati personali non saranno oggetto di alcun processo decisionale automatizzato, ivi compresa la profilazione.<br \/><strong style=\"font-size: 16px; color: var( --e-global-color-text );\"><br \/>4. Obbligo del conferimento di dati personali. Conseguenze in caso di un eventuale rifiuto<br \/><\/strong><br \/>Il conferimento dei Suoi dati personali \u00e8 necessario per il perseguimento della finalit\u00e0 di cui al punto 1).<\/p><p>Il conferimento dei Suoi dati per la finalit\u00e0 di cui al punto 2 \u00e8 per Lei facoltativo ed un Suo eventuale rifiuto al trattamento potr\u00e0 compromettere l\u2019impossibilit\u00e0 di erogare il relativo servizio.<br \/><strong style=\"font-size: 16px; color: var( --e-global-color-text );\"><br \/>5. Comunicazione e diffusione a terzi di dati personali<\/strong><\/p><p>I Suoi dati personali saranno trattati esclusivamente da persone autorizzate al trattamento e da persone fisiche e\/o giuridiche designate quali Responsabili del trattamento ai sensi dell\u2019art. 28 del GDPR, al fine di svolgere le attivit\u00e0 di trattamento necessarie a perseguire le finalit\u00e0 dettagliate in questa Informativa privacy.<br \/><span style=\"font-size: 16px; color: var( --e-global-color-text );\"><br \/><strong>6.\u00a0<\/strong><b>Trasferimenti di dati personali al di fuori dello Spazio Economico Europeo<\/b><\/span><\/p><p>I Suoi dati personali non verranno trasferiti al di fuori dello Spazio Economico Europeo.<br \/><span style=\"font-size: 16px; color: var( --e-global-color-text );\"><br \/><strong>7.\u00a0<\/strong><b>Tempi di conservazione<\/b><\/span><\/p><p>I Suoi dati personali verranno conservati per il periodo necessario al perseguimento delle finalit\u00e0 illustrate nella presente Informativa privacy. In particolare, i Suoi dati personali saranno trattati per un periodo di tempo pari al minimo necessario previsto per l\u2019adempimento di obblighi di legge, sempre che non risulti necessario conservarli per difendere o far valere un diritto o per adempiere a eventuali ulteriori obblighi di legge o ordini delle Autorit\u00e0.<br \/><br \/><strong style=\"font-size: 16px; color: var( --e-global-color-text );\">8. Revoca del consenso<\/strong><\/p><p>Ha il diritto di revocare il consenso rilasciato in ogni momento, totalmente o parzialmente. Questo non pregiudica la liceit\u00e0 del trattamento basato sul consenso prima della revoca. Per revocare il Suo consenso basta contattare lo Studio Medico agli indirizzi indicati in questa Informativa privacy.\u00a0<br \/><br \/><strong style=\"font-size: 16px; color: var( --e-global-color-text );\">9. I diritti degli interessati<\/strong><\/p><p>Lei potr\u00e0 esercitare, in ogni momento, ove applicabili, i diritti di cui agli artt. da 15 a 22 del Regolamento UE 679\/2016, attraverso una richiesta da inoltrare all&#8217;attenzione del Titolare del trattamento.<\/p><p>Tuttavia, Le specifichiamo che, in base a determinate misure legislative introdotte dal diritto nazionale, il Titolare del trattamento, in alcune circostanze, potr\u00e0 limitare la portata degli obblighi e dei diritti, cos\u00ec come precisato dall\u2019art. 23 del Regolamento e dall\u2019art. 2-<em>undecies<\/em> del Codice Privacy.<\/p><p>Di seguito i diritti riconosciuti:<\/p><ul><li><strong>Diritto di accesso<\/strong> <strong>(art. 15)<\/strong><\/li><li><strong>Diritto alla rettifica (art. 16)<\/strong><\/li><li><strong>Diritto alla cancellazione<\/strong> <strong>(art. 17)<\/strong><\/li><li><strong>Diritto alla limitazione del trattamento<\/strong> <strong>(art. 18)<\/strong><\/li><li><strong>Diritto di opposizione<\/strong> <strong>(artt. 21 e 22)<\/strong><\/li><\/ul><p>Il Titolare del trattamento potr\u00e0 essere contattato al seguente indirizzo: info@clinovagroup.com<\/p><p>\u00a0<\/p><p><strong>10.<\/strong><strong>\u00a0Reclamo all\u2019Autorit\u00e0 di controllo<\/strong><\/p><p>Qualora ritenga che il trattamento dei Suoi dati personali avvenga in violazione di quanto previsto dalla normativa vigente, Lei ha il diritto di proporre reclamo al Garante (<a href=\"http:\/\/www.garanteprivacy.it\">www.garanteprivacy.it<\/a>), come previsto dall&#8217;art. 77 del Regolamento, o di adire le opportune sedi giudiziarie ai sensi art. 79 del Regolamento.<\/p><p><strong>11. Modifiche<\/strong><\/p><p>Il Titolare si riserva di aggiornare la presente informativa, anche in vista di future modifiche della normativa in materia di protezione dei dati personali.<br \/><br \/><\/p><p><em>Ultimo aggiornamento: 19 gennaio 2024<\/em><\/p><p>\u00a0<\/p>\t\t\t\t\t\t\t\t<\/div>\n\t\t\t\t<\/div>\n\t\t\t\t\t<\/div>\n\t\t<\/div>\n\t\t\t\t\t<\/div>\n\t\t<\/section>\n\t\t\t\t<section class=\"elementor-section elementor-top-section elementor-element elementor-element-6e5690e elementor-section-content-top elementor-section-boxed elementor-section-height-default elementor-section-height-default\" data-id=\"6e5690e\" data-element_type=\"section\" data-e-type=\"section\" data-settings=\"{&quot;background_background&quot;:&quot;classic&quot;}\">\n\t\t\t\t\t\t<div class=\"elementor-container elementor-column-gap-default\">\n\t\t\t\t\t<div class=\"elementor-column elementor-col-25 elementor-top-column elementor-element elementor-element-12410892\" data-id=\"12410892\" data-element_type=\"column\" data-e-type=\"column\">\n\t\t\t<div class=\"elementor-widget-wrap elementor-element-populated\">\n\t\t\t\t\t\t<div class=\"elementor-element elementor-element-328dcbe4 elementor-widget__width-initial elementor-widget elementor-widget-image\" data-id=\"328dcbe4\" data-element_type=\"widget\" data-e-type=\"widget\" data-widget_type=\"image.default\">\n\t\t\t\t<div class=\"elementor-widget-container\">\n\t\t\t\t\t\t\t\t\t\t\t\t\t\t\t<img fetchpriority=\"high\" decoding=\"async\" width=\"743\" height=\"195\" src=\"https:\/\/clinovagroup.com\/wp-content\/uploads\/2024\/02\/Logo-Clinova_Blanc.png\" class=\"attachment-large size-large wp-image-1714\" alt=\"\" srcset=\"https:\/\/clinovagroup.com\/wp-content\/uploads\/2024\/02\/Logo-Clinova_Blanc.png 743w, https:\/\/clinovagroup.com\/wp-content\/uploads\/2024\/02\/Logo-Clinova_Blanc-300x79.png 300w, https:\/\/clinovagroup.com\/wp-content\/uploads\/2024\/02\/Logo-Clinova_Blanc-18x5.png 18w\" sizes=\"(max-width: 743px) 100vw, 743px\" \/>\t\t\t\t\t\t\t\t\t\t\t\t\t\t\t<\/div>\n\t\t\t\t<\/div>\n\t\t\t\t<div class=\"elementor-element elementor-element-61726a5e elementor-widget elementor-widget-spacer\" data-id=\"61726a5e\" data-element_type=\"widget\" data-e-type=\"widget\" data-widget_type=\"spacer.default\">\n\t\t\t\t<div class=\"elementor-widget-container\">\n\t\t\t\t\t\t\t<div class=\"elementor-spacer\">\n\t\t\t<div class=\"elementor-spacer-inner\"><\/div>\n\t\t<\/div>\n\t\t\t\t\t\t<\/div>\n\t\t\t\t<\/div>\n\t\t\t\t<div class=\"elementor-element elementor-element-34214fbf elementor-widget elementor-widget-text-editor\" data-id=\"34214fbf\" data-element_type=\"widget\" data-e-type=\"widget\" data-widget_type=\"text-editor.default\">\n\t\t\t\t<div class=\"elementor-widget-container\">\n\t\t\t\t\t\t\t\t\t<p>CLINOVA Medical Center is a medical office based in Rome.<\/p>\t\t\t\t\t\t\t\t<\/div>\n\t\t\t\t<\/div>\n\t\t\t\t\t<\/div>\n\t\t<\/div>\n\t\t\t\t<div class=\"elementor-column elementor-col-25 elementor-top-column elementor-element elementor-element-7b286f87\" data-id=\"7b286f87\" data-element_type=\"column\" data-e-type=\"column\">\n\t\t\t<div class=\"elementor-widget-wrap elementor-element-populated\">\n\t\t\t\t\t\t\t<\/div>\n\t\t<\/div>\n\t\t\t\t<div class=\"elementor-column elementor-col-25 elementor-top-column elementor-element elementor-element-201f9f41\" data-id=\"201f9f41\" data-element_type=\"column\" data-e-type=\"column\">\n\t\t\t<div class=\"elementor-widget-wrap\">\n\t\t\t\t\t\t\t<\/div>\n\t\t<\/div>\n\t\t\t\t<div class=\"elementor-column elementor-col-25 elementor-top-column elementor-element elementor-element-309d09c0\" data-id=\"309d09c0\" data-element_type=\"column\" data-e-type=\"column\">\n\t\t\t<div class=\"elementor-widget-wrap elementor-element-populated\">\n\t\t\t\t\t\t<div class=\"elementor-element elementor-element-511bbeb8 elementor-widget elementor-widget-heading\" data-id=\"511bbeb8\" data-element_type=\"widget\" data-e-type=\"widget\" data-widget_type=\"heading.default\">\n\t\t\t\t<div class=\"elementor-widget-container\">\n\t\t\t\t\t<h2 class=\"elementor-heading-title elementor-size-default\">Contact<\/h2>\t\t\t\t<\/div>\n\t\t\t\t<\/div>\n\t\t\t\t<div class=\"elementor-element elementor-element-7c7a1b37 elementor-widget elementor-widget-text-editor\" data-id=\"7c7a1b37\" data-element_type=\"widget\" data-e-type=\"widget\" data-widget_type=\"text-editor.default\">\n\t\t\t\t<div class=\"elementor-widget-container\">\n\t\t\t\t\t\t\t\t\t<p>Viale Giotto, 3e<br \/>00153 ROME<br \/><br \/>+39 06 87653833<br \/>info@clinovagroup.com<\/p>\t\t\t\t\t\t\t\t<\/div>\n\t\t\t\t<\/div>\n\t\t\t\t<div class=\"elementor-element elementor-element-51eb1b08 e-grid-align-mobile-center elementor-shape-rounded elementor-grid-0 elementor-widget elementor-widget-social-icons\" data-id=\"51eb1b08\" data-element_type=\"widget\" data-e-type=\"widget\" data-widget_type=\"social-icons.default\">\n\t\t\t\t<div class=\"elementor-widget-container\">\n\t\t\t\t\t\t\t<div class=\"elementor-social-icons-wrapper elementor-grid\" role=\"list\">\n\t\t\t\t\t\t\t<span class=\"elementor-grid-item\" role=\"listitem\">\n\t\t\t\t\t<a class=\"elementor-icon elementor-social-icon elementor-social-icon-instagram elementor-animation-float elementor-repeater-item-b39c128\" href=\"https:\/\/www.instagram.com\/clinovagroup\/\" target=\"_blank\">\n\t\t\t\t\t\t<span class=\"elementor-screen-only\">Instagram<\/span>\n\t\t\t\t\t\t<i aria-hidden=\"true\" class=\"fab fa-instagram\"><\/i>\t\t\t\t\t<\/a>\n\t\t\t\t<\/span>\n\t\t\t\t\t\t\t<span class=\"elementor-grid-item\" role=\"listitem\">\n\t\t\t\t\t<a class=\"elementor-icon elementor-social-icon elementor-social-icon-envelope elementor-animation-float elementor-repeater-item-ec877e9\" href=\"http:\/\/info@clinovagroup.com\/en\/\" target=\"_blank\">\n\t\t\t\t\t\t<span class=\"elementor-screen-only\">Envelope<\/span>\n\t\t\t\t\t\t<i aria-hidden=\"true\" class=\"fas fa-envelope\"><\/i>\t\t\t\t\t<\/a>\n\t\t\t\t<\/span>\n\t\t\t\t\t<\/div>\n\t\t\t\t\t\t<\/div>\n\t\t\t\t<\/div>\n\t\t\t\t\t<\/div>\n\t\t<\/div>\n\t\t\t\t\t<\/div>\n\t\t<\/section>\n\t\t\t\t<section class=\"elementor-section elementor-top-section elementor-element elementor-element-2c2e4301 elementor-section-boxed elementor-section-height-default elementor-section-height-default\" data-id=\"2c2e4301\" data-element_type=\"section\" data-e-type=\"section\" data-settings=\"{&quot;background_background&quot;:&quot;classic&quot;}\">\n\t\t\t\t\t\t<div class=\"elementor-container elementor-column-gap-default\">\n\t\t\t\t\t<div class=\"elementor-column elementor-col-50 elementor-top-column elementor-element elementor-element-5950456b\" data-id=\"5950456b\" data-element_type=\"column\" data-e-type=\"column\">\n\t\t\t<div class=\"elementor-widget-wrap elementor-element-populated\">\n\t\t\t\t\t\t<div class=\"elementor-element elementor-element-2cb652b8 elementor-widget elementor-widget-text-editor\" data-id=\"2cb652b8\" data-element_type=\"widget\" data-e-type=\"widget\" data-widget_type=\"text-editor.default\">\n\t\t\t\t<div class=\"elementor-widget-container\">\n\t\t\t\t\t\t\t\t\t<p><span style=\"font-size: 14px;\">\u00a9<\/span>Copyright\u00a0<span style=\"font-size: 14px;\">2024 &#8211; <\/span><span style=\"font-size: 14px;\">CLINOVA Medical Center &#8211; P.IVA 16938011000<\/span><\/p>\t\t\t\t\t\t\t\t<\/div>\n\t\t\t\t<\/div>\n\t\t\t\t\t<\/div>\n\t\t<\/div>\n\t\t\t\t<div class=\"elementor-column elementor-col-50 elementor-top-column elementor-element elementor-element-2a42a50b\" data-id=\"2a42a50b\" data-element_type=\"column\" data-e-type=\"column\">\n\t\t\t<div class=\"elementor-widget-wrap elementor-element-populated\">\n\t\t\t\t\t\t<div class=\"elementor-element elementor-element-5c9d3fc1 elementor-widget elementor-widget-text-editor\" data-id=\"5c9d3fc1\" data-element_type=\"widget\" data-e-type=\"widget\" data-widget_type=\"text-editor.default\">\n\t\t\t\t<div class=\"elementor-widget-container\">\n\t\t\t\t\t\t\t\t\t<a style=\"color: #FFFFFF;\" href=\"https:\/\/clinovagroup.com\/en\/privacy-policy-2\/\">Privacy Policy<\/a> I <a style=\"color: #FFFFFF;\" href=\"https:\/\/clinovagroup.com\/en\/cookie-policy\/\">Cookie Policy<\/a>\t\t\t\t\t\t\t\t<\/div>\n\t\t\t\t<\/div>\n\t\t\t\t\t<\/div>\n\t\t<\/div>\n\t\t\t\t\t<\/div>\n\t\t<\/section>\n\t\t\t\t<\/div>","protected":false},"excerpt":{"rendered":"<p>Privacy Policy In armonia con quanto previsto dal Regolamento Europeo sulla protezione dei dati personali 2016\/679, dal D.lgs. 30 giugno 2003, n. 196 e dal D.lgs. 10 agosto 2018, n. 101 (rispettivamente \u201cGDPR\u201d e \u201cCodice Privacy\u201d), il cui obiettivo \u00e8 quello di proteggere i diritti e le libert\u00e0 fondamentali delle persone fisiche, in particolare il [&hellip;]<\/p>\n","protected":false},"author":1,"featured_media":0,"parent":0,"menu_order":0,"comment_status":"closed","ping_status":"closed","template":"","meta":{"om_disable_all_campaigns":false,"_monsterinsights_skip_tracking":false,"_monsterinsights_sitenote_active":false,"_monsterinsights_sitenote_note":"","_monsterinsights_sitenote_category":0,"_uf_show_specific_survey":0,"_uf_disable_surveys":false,"ocean_post_layout":"full-screen","ocean_both_sidebars_style":"","ocean_both_sidebars_content_width":0,"ocean_both_sidebars_sidebars_width":0,"ocean_sidebar":"0","ocean_second_sidebar":"0","ocean_disable_margins":"on","ocean_add_body_class":"","ocean_shortcode_before_top_bar":"","ocean_shortcode_after_top_bar":"","ocean_shortcode_before_header":"","ocean_shortcode_after_header":"","ocean_has_shortcode":"","ocean_shortcode_after_title":"","ocean_shortcode_before_footer_widgets":"","ocean_shortcode_after_footer_widgets":"","ocean_shortcode_before_footer_bottom":"","ocean_shortcode_after_footer_bottom":"","ocean_display_top_bar":"default","ocean_display_header":"default","ocean_header_style":"","ocean_center_header_left_menu":"0","ocean_custom_header_template":"0","ocean_custom_logo":0,"ocean_custom_retina_logo":0,"ocean_custom_logo_max_width":0,"ocean_custom_logo_tablet_max_width":0,"ocean_custom_logo_mobile_max_width":0,"ocean_custom_logo_max_height":0,"ocean_custom_logo_tablet_max_height":0,"ocean_custom_logo_mobile_max_height":0,"ocean_header_custom_menu":"0","ocean_menu_typo_font_family":"0","ocean_menu_typo_font_subset":"","ocean_menu_typo_font_size":0,"ocean_menu_typo_font_size_tablet":0,"ocean_menu_typo_font_size_mobile":0,"ocean_menu_typo_font_size_unit":"px","ocean_menu_typo_font_weight":"","ocean_menu_typo_font_weight_tablet":"","ocean_menu_typo_font_weight_mobile":"","ocean_menu_typo_transform":"","ocean_menu_typo_transform_tablet":"","ocean_menu_typo_transform_mobile":"","ocean_menu_typo_line_height":0,"ocean_menu_typo_line_height_tablet":0,"ocean_menu_typo_line_height_mobile":0,"ocean_menu_typo_line_height_unit":"","ocean_menu_typo_spacing":0,"ocean_menu_typo_spacing_tablet":0,"ocean_menu_typo_spacing_mobile":0,"ocean_menu_typo_spacing_unit":"","ocean_menu_link_color":"","ocean_menu_link_color_hover":"","ocean_menu_link_color_active":"","ocean_menu_link_background":"","ocean_menu_link_hover_background":"","ocean_menu_link_active_background":"","ocean_menu_social_links_bg":"","ocean_menu_social_hover_links_bg":"","ocean_menu_social_links_color":"","ocean_menu_social_hover_links_color":"","ocean_disable_title":"on","ocean_disable_heading":"default","ocean_post_title":"","ocean_post_subheading":"","ocean_post_title_style":"","ocean_post_title_background_color":"","ocean_post_title_background":0,"ocean_post_title_bg_image_position":"","ocean_post_title_bg_image_attachment":"","ocean_post_title_bg_image_repeat":"","ocean_post_title_bg_image_size":"","ocean_post_title_height":0,"ocean_post_title_bg_overlay":0.5,"ocean_post_title_bg_overlay_color":"","ocean_disable_breadcrumbs":"default","ocean_breadcrumbs_color":"","ocean_breadcrumbs_separator_color":"","ocean_breadcrumbs_links_color":"","ocean_breadcrumbs_links_hover_color":"","ocean_display_footer_widgets":"off","ocean_display_footer_bottom":"off","ocean_custom_footer_template":"0","_themeisle_gutenberg_block_has_review":false,"footnotes":""},"class_list":["post-1587","page","type-page","status-publish","hentry","entry"],"_links":{"self":[{"href":"https:\/\/clinovagroup.com\/en\/wp-json\/wp\/v2\/pages\/1587","targetHints":{"allow":["GET"]}}],"collection":[{"href":"https:\/\/clinovagroup.com\/en\/wp-json\/wp\/v2\/pages"}],"about":[{"href":"https:\/\/clinovagroup.com\/en\/wp-json\/wp\/v2\/types\/page"}],"author":[{"embeddable":true,"href":"https:\/\/clinovagroup.com\/en\/wp-json\/wp\/v2\/users\/1"}],"replies":[{"embeddable":true,"href":"https:\/\/clinovagroup.com\/en\/wp-json\/wp\/v2\/comments?post=1587"}],"version-history":[{"count":10,"href":"https:\/\/clinovagroup.com\/en\/wp-json\/wp\/v2\/pages\/1587\/revisions"}],"predecessor-version":[{"id":1771,"href":"https:\/\/clinovagroup.com\/en\/wp-json\/wp\/v2\/pages\/1587\/revisions\/1771"}],"wp:attachment":[{"href":"https:\/\/clinovagroup.com\/en\/wp-json\/wp\/v2\/media?parent=1587"}],"curies":[{"name":"wp","href":"https:\/\/api.w.org\/{rel}","templated":true}]}}